{"id":103,"date":"2022-01-20T09:17:34","date_gmt":"2022-01-20T08:17:34","guid":{"rendered":"http:\/\/qualite-serralta-conseil.fr\/?page_id=103"},"modified":"2022-05-11T17:49:38","modified_gmt":"2022-05-11T15:49:38","slug":"coaching","status":"publish","type":"page","link":"https:\/\/qualite-serralta-conseil.fr\/index.php\/coaching\/","title":{"rendered":"Coaching"},"content":{"rendered":"\n<p>Maloan Conseil a aussi une vocation \u00e0 aider les responsables qualit\u00e9, ainsi un coaching adapt\u00e9 \u00e0 chaque cas est propos\u00e9. Cela peut \u00eatre sous forme de demi journ\u00e9es, voire moins (a minima 2 heures d&rsquo;entretien de fa\u00e7on r\u00e9p\u00e9t\u00e9e) afin d&rsquo;orienter et de guider les responsables qualit\u00e9 dans leur mise en \u0153uvre du syst\u00e8me de management.<\/p>\n\n\n\n<div class=\"wp-block-buttons aligncenter\">\n<div class=\"wp-block-button\"><a class=\"wp-block-button__link has-accent-background-color has-background\" href=\"https:\/\/qualite-serralta-conseil.fr\/index.php\/services\/\">Retour au menu<\/a><\/div>\n<\/div>\n","protected":false},"excerpt":{"rendered":"<p>Maloan Conseil a aussi une vocation \u00e0 aider les responsables qualit\u00e9, ainsi un coaching adapt\u00e9 \u00e0 chaque cas est propos\u00e9. Cela peut \u00eatre sous forme de demi journ\u00e9es, voire moins (a minima 2 heures d&rsquo;entretien de fa\u00e7on r\u00e9p\u00e9t\u00e9e) afin d&rsquo;orienter et de guider les responsables qualit\u00e9 dans leur mise en [&hellip;]<\/p>\n","protected":false},"author":1,"featured_media":0,"parent":0,"menu_order":0,"comment_status":"closed","ping_status":"closed","template":"","meta":[],"_links":{"self":[{"href":"https:\/\/qualite-serralta-conseil.fr\/index.php\/wp-json\/wp\/v2\/pages\/103"}],"collection":[{"href":"https:\/\/qualite-serralta-conseil.fr\/index.php\/wp-json\/wp\/v2\/pages"}],"about":[{"href":"https:\/\/qualite-serralta-conseil.fr\/index.php\/wp-json\/wp\/v2\/types\/page"}],"author":[{"embeddable":true,"href":"https:\/\/qualite-serralta-conseil.fr\/index.php\/wp-json\/wp\/v2\/users\/1"}],"replies":[{"embeddable":true,"href":"https:\/\/qualite-serralta-conseil.fr\/index.php\/wp-json\/wp\/v2\/comments?post=103"}],"version-history":[{"count":5,"href":"https:\/\/qualite-serralta-conseil.fr\/index.php\/wp-json\/wp\/v2\/pages\/103\/revisions"}],"predecessor-version":[{"id":452,"href":"https:\/\/qualite-serralta-conseil.fr\/index.php\/wp-json\/wp\/v2\/pages\/103\/revisions\/452"}],"wp:attachment":[{"href":"https:\/\/qualite-serralta-conseil.fr\/index.php\/wp-json\/wp\/v2\/media?parent=103"}],"curies":[{"name":"wp","href":"https:\/\/api.w.org\/{rel}","templated":true}]}}