{"id":107,"date":"2022-01-20T09:17:57","date_gmt":"2022-01-20T08:17:57","guid":{"rendered":"http:\/\/qualite-serralta-conseil.fr\/?page_id=107"},"modified":"2022-05-11T17:48:38","modified_gmt":"2022-05-11T15:48:38","slug":"audits","status":"publish","type":"page","link":"https:\/\/qualite-serralta-conseil.fr\/index.php\/audits\/","title":{"rendered":"Audits"},"content":{"rendered":"\n<p>Maloan Conseil  vous propose de r\u00e9aliser des audits de processus de production sur vos moyens afin de r\u00e9aliser une analyse des risques et ainsi de mettre en \u0153uvre les actions de pr\u00e9vention.<\/p>\n\n\n\n<p>Il est \u00e9galement propos\u00e9, afin de soulager vos ressources de r\u00e9aliser pour votre compte des audits processus chez vos fournisseurs, en particulier sur les domaines technologiques suivants:<\/p>\n\n\n\n<ol><li>M\u00e9canique<ol><li>Usinage<\/li><li>Forge<\/li><li>Fonderie<\/li><li>D\u00e9coupe, Emboutissage<\/li><li>Frittage<\/li><li>Etc, &#8230;<\/li><\/ol><\/li><li>Plasturgie<ol><li>Injection plastique<\/li><li>Mati\u00e8res premi\u00e8res, r\u00e9sines et fibres, <\/li><li>Etc&#8230;<\/li><\/ol><\/li><li>Electronique<ol><li>Processus CMS<\/li><li>C\u00e2blage<\/li><li>Wafer fab<\/li><li>Assemblage de cartes \u00e9lectroniques<\/li><li>Micro\u00e9lectronique<\/li><li>Etc,&#8230;<\/li><\/ol><\/li><li>Assemblage<ol><li>Vissage<\/li><li>Compliant pins<\/li><li>Collage<\/li><li>Etc,&#8230;<\/li><\/ol><\/li><\/ol>\n\n\n\n<div class=\"wp-block-buttons aligncenter\">\n<div class=\"wp-block-button\"><a class=\"wp-block-button__link has-accent-background-color has-background\" href=\"https:\/\/qualite-serralta-conseil.fr\/index.php\/services\/\">Retour au menu<\/a><\/div>\n<\/div>\n","protected":false},"excerpt":{"rendered":"<p>Maloan Conseil vous propose de r\u00e9aliser des audits de processus de production sur vos moyens afin de r\u00e9aliser une analyse des risques et ainsi de mettre en \u0153uvre les actions de pr\u00e9vention. Il est \u00e9galement propos\u00e9, afin de soulager vos ressources de r\u00e9aliser pour votre compte des audits processus chez [&hellip;]<\/p>\n","protected":false},"author":1,"featured_media":0,"parent":0,"menu_order":0,"comment_status":"closed","ping_status":"closed","template":"","meta":[],"_links":{"self":[{"href":"https:\/\/qualite-serralta-conseil.fr\/index.php\/wp-json\/wp\/v2\/pages\/107"}],"collection":[{"href":"https:\/\/qualite-serralta-conseil.fr\/index.php\/wp-json\/wp\/v2\/pages"}],"about":[{"href":"https:\/\/qualite-serralta-conseil.fr\/index.php\/wp-json\/wp\/v2\/types\/page"}],"author":[{"embeddable":true,"href":"https:\/\/qualite-serralta-conseil.fr\/index.php\/wp-json\/wp\/v2\/users\/1"}],"replies":[{"embeddable":true,"href":"https:\/\/qualite-serralta-conseil.fr\/index.php\/wp-json\/wp\/v2\/comments?post=107"}],"version-history":[{"count":4,"href":"https:\/\/qualite-serralta-conseil.fr\/index.php\/wp-json\/wp\/v2\/pages\/107\/revisions"}],"predecessor-version":[{"id":450,"href":"https:\/\/qualite-serralta-conseil.fr\/index.php\/wp-json\/wp\/v2\/pages\/107\/revisions\/450"}],"wp:attachment":[{"href":"https:\/\/qualite-serralta-conseil.fr\/index.php\/wp-json\/wp\/v2\/media?parent=107"}],"curies":[{"name":"wp","href":"https:\/\/api.w.org\/{rel}","templated":true}]}}