{"id":233,"date":"2022-01-24T10:15:36","date_gmt":"2022-01-24T09:15:36","guid":{"rendered":"http:\/\/qualite-serralta-conseil.fr\/?page_id=233"},"modified":"2023-01-02T14:55:13","modified_gmt":"2023-01-02T13:55:13","slug":"5s","status":"publish","type":"page","link":"https:\/\/qualite-serralta-conseil.fr\/index.php\/5s\/","title":{"rendered":"5S"},"content":{"rendered":"\n<p class=\"has-text-align-center\">Le 5S est une m\u00e9thode japonaise qui a fait ses preuves dans tous les domaines, que ce soit en industrie mais aussi en service. Le but de cet outil est d&rsquo;optimiser le temps gr\u00e2ce \u00e0 du management visuel des \u00e9l\u00e9ments pr\u00e9sents, entrants ou sortants d&rsquo;un poste de travail.<\/p>\n\n\n\n<figure class=\"wp-block-table alignwide is-style-stripes\"><table class=\"has-subtle-pale-pink-background-color has-background\"><thead><tr><th class=\"has-text-align-center\" data-align=\"center\"><strong>Les 5S<\/strong><\/th><th class=\"has-text-align-left\" data-align=\"left\"><strong>D\u00e9finition<\/strong><\/th><\/tr><\/thead><tbody><tr><td class=\"has-text-align-center\" data-align=\"center\"><strong>SEIRI<\/strong><\/td><td class=\"has-text-align-left\" data-align=\"left\">ELIMINER: tout ce qui est inutile sur le poste, tout ce qui n&rsquo;a pas servi depuis&#8230;x ann\u00e9es<\/td><\/tr><tr><td class=\"has-text-align-center\" data-align=\"center\"><strong>SEITON<\/strong><\/td><td class=\"has-text-align-left\" data-align=\"left\">RANGER: Chaque objet , outil conserv\u00e9 doit \u00eatre positionn\u00e9 de fa\u00e7on ergonomique ou fonctionnelle<\/td><\/tr><tr><td class=\"has-text-align-center\" data-align=\"center\"><strong>SEISO<\/strong><\/td><td class=\"has-text-align-left\" data-align=\"left\">NETTOYER: Il est important de conserver un poste et un environnement de travail propre, c&rsquo;est la base pour identifier des anomalies<\/td><\/tr><tr><td class=\"has-text-align-center\" data-align=\"center\"><strong>SEIKETSU<\/strong><\/td><td class=\"has-text-align-left\" data-align=\"left\">STANDARDISER: Mettre en place des r\u00e8gles, en particulier d&rsquo;identification visuelle qui seront \u00e0 respecter  sur le poste<\/td><\/tr><tr><td class=\"has-text-align-center\" data-align=\"center\"><strong>SHITSUKE<\/strong><\/td><td class=\"has-text-align-left\" data-align=\"left\">RESPECTER: Assurer que le standard d\u00e9fini pr\u00e9c\u00e9demment est en place de fa\u00e7on continue<\/td><\/tr><\/tbody><\/table><\/figure>\n\n\n\n<div class=\"wp-block-buttons aligncenter\">\n<div class=\"wp-block-button\"><a class=\"wp-block-button__link has-white-color has-accent-background-color has-text-color has-background\" href=\"https:\/\/qualite-serralta-conseil.fr\/index.php\/le-nouveau-e-mucem-ouvre-ses-portes-2\/\">Retour au menu<\/a><\/div>\n<\/div>\n","protected":false},"excerpt":{"rendered":"<p>Le 5S est une m\u00e9thode japonaise qui a fait ses preuves dans tous les domaines, que ce soit en industrie mais aussi en service. Le but de cet outil est d&rsquo;optimiser le temps gr\u00e2ce \u00e0 du management visuel des \u00e9l\u00e9ments pr\u00e9sents, entrants ou sortants d&rsquo;un poste de travail. Les 5S [&hellip;]<\/p>\n","protected":false},"author":1,"featured_media":0,"parent":0,"menu_order":0,"comment_status":"closed","ping_status":"closed","template":"","meta":[],"_links":{"self":[{"href":"https:\/\/qualite-serralta-conseil.fr\/index.php\/wp-json\/wp\/v2\/pages\/233"}],"collection":[{"href":"https:\/\/qualite-serralta-conseil.fr\/index.php\/wp-json\/wp\/v2\/pages"}],"about":[{"href":"https:\/\/qualite-serralta-conseil.fr\/index.php\/wp-json\/wp\/v2\/types\/page"}],"author":[{"embeddable":true,"href":"https:\/\/qualite-serralta-conseil.fr\/index.php\/wp-json\/wp\/v2\/users\/1"}],"replies":[{"embeddable":true,"href":"https:\/\/qualite-serralta-conseil.fr\/index.php\/wp-json\/wp\/v2\/comments?post=233"}],"version-history":[{"count":11,"href":"https:\/\/qualite-serralta-conseil.fr\/index.php\/wp-json\/wp\/v2\/pages\/233\/revisions"}],"predecessor-version":[{"id":478,"href":"https:\/\/qualite-serralta-conseil.fr\/index.php\/wp-json\/wp\/v2\/pages\/233\/revisions\/478"}],"wp:attachment":[{"href":"https:\/\/qualite-serralta-conseil.fr\/index.php\/wp-json\/wp\/v2\/media?parent=233"}],"curies":[{"name":"wp","href":"https:\/\/api.w.org\/{rel}","templated":true}]}}