{"id":237,"date":"2022-01-24T10:16:44","date_gmt":"2022-01-24T09:16:44","guid":{"rendered":"http:\/\/qualite-serralta-conseil.fr\/?page_id=237"},"modified":"2022-02-16T10:01:43","modified_gmt":"2022-02-16T09:01:43","slug":"amdec","status":"publish","type":"page","link":"https:\/\/qualite-serralta-conseil.fr\/index.php\/amdec\/","title":{"rendered":"AMDEC"},"content":{"rendered":"\n<p class=\"has-text-align-center\">L&rsquo;AMDEC, pour Analyse des Modes de D\u00e9faillance, de leurs Effets et de leur Criticit\u00e9, est l&rsquo;outil de pr\u00e9vention par excellence pour d\u00e9finir et mettre en \u0153uvre un processus, ou une conception de fa\u00e7on ma\u00eetris\u00e9e, en identifiant tr\u00e8s en amont les d\u00e9faillances potentielles li\u00e9es \u00e0 des choix techniques et de les pr\u00e9venir par un plan d&rsquo;actions adapt\u00e9.<\/p>\n\n\n\n<figure class=\"wp-block-table alignwide is-style-stripes\"><table class=\"has-subtle-pale-blue-background-color has-background\"><thead><tr><th>M\u00e9thode<\/th><th>Actions<\/th><\/tr><\/thead><tbody><tr><td>1- Pr\u00e9paration<\/td><td>-Pr\u00e9cision sur les bornes du sujet \u00e0 traiter<br>-D\u00e9finition du groupe de travail<\/td><\/tr><tr><td>2 \u2013 Analyse fonctionnelle<\/td><td>-D\u00e9coupage de la conception ou du processus en fonction \u00e0 assurer<\/td><\/tr><tr><td>3- D\u00e9faillances<\/td><td>-Identification des d\u00e9faillances potentielles selon la r\u00e8gle :<br>-Fonction non assur\u00e9e<br>-Fonction partiellement assur\u00e9e<br>-Fonction d\u00e9grad\u00e9e<br>-Cotation des EFFETS<\/td><\/tr><tr><td>4- Recherche des causes<\/td><td>-Identification des causes engendrant les d\u00e9faillances, bas\u00e9e sur l&rsquo;analyse 5M<br>-Cotation des CAUSES<\/td><\/tr><tr><td>5- D\u00e9tection<\/td><td>-Identification des d\u00e9tections pr\u00e9vues ou \u00e0 pr\u00e9voir<br>-Cotation de ces DETECTIONS<\/td><\/tr><tr><td>6- Actions<\/td><td>-Evaluation de la CRITICITE<br>-Identification des priorit\u00e9s d\u2019action<br>-D\u00e9finition du plan d\u2019actions<\/td><\/tr><tr><td>7- Bouclage<\/td><td>-Nouvelle Cotation et v\u00e9rification<\/td><\/tr><\/tbody><\/table><\/figure>\n\n\n\n<div class=\"wp-block-buttons aligncenter\">\n<div class=\"wp-block-button\"><a class=\"wp-block-button__link has-accent-background-color has-background\" href=\"https:\/\/qualite-serralta-conseil.fr\/index.php\/le-nouveau-e-mucem-ouvre-ses-portes-2\/\">Retour au menu<\/a><\/div>\n<\/div>\n","protected":false},"excerpt":{"rendered":"<p>L&rsquo;AMDEC, pour Analyse des Modes de D\u00e9faillance, de leurs Effets et de leur Criticit\u00e9, est l&rsquo;outil de pr\u00e9vention par excellence pour d\u00e9finir et mettre en \u0153uvre un processus, ou une conception de fa\u00e7on ma\u00eetris\u00e9e, en identifiant tr\u00e8s en amont les d\u00e9faillances potentielles li\u00e9es \u00e0 des choix techniques et de les [&hellip;]<\/p>\n","protected":false},"author":1,"featured_media":0,"parent":0,"menu_order":0,"comment_status":"closed","ping_status":"closed","template":"","meta":[],"_links":{"self":[{"href":"https:\/\/qualite-serralta-conseil.fr\/index.php\/wp-json\/wp\/v2\/pages\/237"}],"collection":[{"href":"https:\/\/qualite-serralta-conseil.fr\/index.php\/wp-json\/wp\/v2\/pages"}],"about":[{"href":"https:\/\/qualite-serralta-conseil.fr\/index.php\/wp-json\/wp\/v2\/types\/page"}],"author":[{"embeddable":true,"href":"https:\/\/qualite-serralta-conseil.fr\/index.php\/wp-json\/wp\/v2\/users\/1"}],"replies":[{"embeddable":true,"href":"https:\/\/qualite-serralta-conseil.fr\/index.php\/wp-json\/wp\/v2\/comments?post=237"}],"version-history":[{"count":7,"href":"https:\/\/qualite-serralta-conseil.fr\/index.php\/wp-json\/wp\/v2\/pages\/237\/revisions"}],"predecessor-version":[{"id":428,"href":"https:\/\/qualite-serralta-conseil.fr\/index.php\/wp-json\/wp\/v2\/pages\/237\/revisions\/428"}],"wp:attachment":[{"href":"https:\/\/qualite-serralta-conseil.fr\/index.php\/wp-json\/wp\/v2\/media?parent=237"}],"curies":[{"name":"wp","href":"https:\/\/api.w.org\/{rel}","templated":true}]}}