{"id":241,"date":"2022-01-24T10:17:58","date_gmt":"2022-01-24T09:17:58","guid":{"rendered":"http:\/\/qualite-serralta-conseil.fr\/?page_id=241"},"modified":"2022-02-16T10:08:22","modified_gmt":"2022-02-16T09:08:22","slug":"resolution-de-problemes","status":"publish","type":"page","link":"https:\/\/qualite-serralta-conseil.fr\/index.php\/resolution-de-problemes\/","title":{"rendered":"R\u00e9solution de probl\u00e8mes"},"content":{"rendered":"\n<p class=\"has-text-align-center\">Tout probl\u00e8me a une solution, dit-on, mais bien souvent nous courrons \u00e0 la solution sans avoir \u00e9valu\u00e9 les causes, ce qui entraine des r\u00e9currences du probl\u00e8me analys\u00e9. La formation propose des outils qui vont aider \u00e0 bien identifier les causes racines d&rsquo;un probl\u00e8me, de d\u00e9finir et de mettre les actions de ma\u00eetrise de ces causes.<\/p>\n\n\n\n<figure class=\"wp-block-table alignwide is-style-stripes\"><table class=\"has-subtle-pale-green-background-color has-background\"><thead><tr><th><strong>Etapes<\/strong><\/th><th><strong>Action<\/strong><\/th><\/tr><\/thead><tbody><tr><td>1- Groupe de travail<\/td><td>L&rsquo;union fait la force: il faut imp\u00e9rativement traiter un probl\u00e8me en groupe de travail<\/td><\/tr><tr><td>2- D\u00e9finition <\/td><td>D\u00e9finir de fa\u00e7on la plus pr\u00e9cise le probl\u00e8me, avec des faits , des chiffres, des preuves<\/td><\/tr><tr><td>3- R\u00e9tention du probl\u00e8me<\/td><td>Si cela n&rsquo;est pas d\u00e9j\u00e0 fait, il faut d\u00e9finir des actions de r\u00e9tention du probl\u00e8me, comment fait on pour que le probl\u00e8me soit contenu dans un p\u00e9rim\u00e8tre?<\/td><\/tr><tr><td>4- Les causes<\/td><td>C&rsquo;est l&rsquo;\u00e9tape la plus importante qui devra faire appel aux outils adapt\u00e9s pour rechercher ces causes et identifier ce que l&rsquo;on appelle la cause racine (Root Cause)<\/td><\/tr><tr><td>5- Les actions<\/td><td>Les actions de correction mais surtout de pr\u00e9vention vont permettre d&rsquo;\u00e9radiquer compl\u00e8tement le probl\u00e8me. On agit bien ici sur la ou les causes racines<\/td><\/tr><tr><td>6- Le suivi<\/td><td>Il faut s&rsquo;assurer que l&rsquo;on fait ce que l&rsquo;on a dit que l&rsquo;on allait faire&#8230;tout simplement<\/td><\/tr><tr><td>7- La mesure<\/td><td>Nos actions ont elles \u00e9t\u00e9 efficaces? il faut le d\u00e9montrer par une mesure adapt\u00e9e.<\/td><\/tr><\/tbody><\/table><\/figure>\n\n\n\n<div class=\"wp-block-buttons aligncenter\">\n<div class=\"wp-block-button\"><a class=\"wp-block-button__link has-accent-background-color has-background\" href=\"https:\/\/qualite-serralta-conseil.fr\/index.php\/le-nouveau-e-mucem-ouvre-ses-portes-2\/\">Retour au menu<\/a><\/div>\n<\/div>\n","protected":false},"excerpt":{"rendered":"<p>Tout probl\u00e8me a une solution, dit-on, mais bien souvent nous courrons \u00e0 la solution sans avoir \u00e9valu\u00e9 les causes, ce qui entraine des r\u00e9currences du probl\u00e8me analys\u00e9. La formation propose des outils qui vont aider \u00e0 bien identifier les causes racines d&rsquo;un probl\u00e8me, de d\u00e9finir et de mettre les actions [&hellip;]<\/p>\n","protected":false},"author":1,"featured_media":0,"parent":0,"menu_order":0,"comment_status":"closed","ping_status":"closed","template":"","meta":[],"_links":{"self":[{"href":"https:\/\/qualite-serralta-conseil.fr\/index.php\/wp-json\/wp\/v2\/pages\/241"}],"collection":[{"href":"https:\/\/qualite-serralta-conseil.fr\/index.php\/wp-json\/wp\/v2\/pages"}],"about":[{"href":"https:\/\/qualite-serralta-conseil.fr\/index.php\/wp-json\/wp\/v2\/types\/page"}],"author":[{"embeddable":true,"href":"https:\/\/qualite-serralta-conseil.fr\/index.php\/wp-json\/wp\/v2\/users\/1"}],"replies":[{"embeddable":true,"href":"https:\/\/qualite-serralta-conseil.fr\/index.php\/wp-json\/wp\/v2\/comments?post=241"}],"version-history":[{"count":4,"href":"https:\/\/qualite-serralta-conseil.fr\/index.php\/wp-json\/wp\/v2\/pages\/241\/revisions"}],"predecessor-version":[{"id":435,"href":"https:\/\/qualite-serralta-conseil.fr\/index.php\/wp-json\/wp\/v2\/pages\/241\/revisions\/435"}],"wp:attachment":[{"href":"https:\/\/qualite-serralta-conseil.fr\/index.php\/wp-json\/wp\/v2\/media?parent=241"}],"curies":[{"name":"wp","href":"https:\/\/api.w.org\/{rel}","templated":true}]}}