{"id":245,"date":"2022-01-24T10:18:56","date_gmt":"2022-01-24T09:18:56","guid":{"rendered":"http:\/\/qualite-serralta-conseil.fr\/?page_id=245"},"modified":"2022-02-16T09:59:55","modified_gmt":"2022-02-16T08:59:55","slug":"6-sigma","status":"publish","type":"page","link":"https:\/\/qualite-serralta-conseil.fr\/index.php\/6-sigma\/","title":{"rendered":"6 Sigma"},"content":{"rendered":"\n<p class=\"has-text-align-center\">La formation ici est plut\u00f4t g\u00e9n\u00e9raliste mais propose une d\u00e9marche standard pour r\u00e9duire les variations d&rsquo;un processus de production en particulier, mais la m\u00e9thode peut \u00eatre appliqu\u00e9e aussi \u00e0 des processus de services. La d\u00e9marche est appel\u00e9e DMAIC.<\/p>\n\n\n\n<figure class=\"wp-block-table alignwide is-style-stripes\"><table class=\"has-subtle-pale-pink-background-color has-background\"><thead><tr><th>Etapes<\/th><th>Actions<\/th><\/tr><\/thead><tbody><tr><td>1- <strong>D<\/strong><br>Define \/ D\u00e9finir<\/td><td>D\u00e9finir de la fa\u00e7on la plus pr\u00e9cise le probl\u00e8me ou les objectifs de variation \u00e0 atteindre (en g\u00e9n\u00e9ral les 6 Sigma)<\/td><\/tr><tr><td>2- <strong>M<\/strong> <br>Measure \/ Mesurer<\/td><td>D\u00e9finir les outils de mesure qui  vont permettre de prendre conscience des variations d&rsquo;un processus, et les utiliser<\/td><\/tr><tr><td>3- <strong>A<\/strong> <br>Analyze \/ Analyser<\/td><td>Les donn\u00e9es issues de ces mesures sont analys\u00e9es afin d&rsquo;en tirer les informations utiles <\/td><\/tr><tr><td>4 &#8211; <strong>I<\/strong><br>Improve \/ Am\u00e9liorer<\/td><td>L&rsquo;analyse conduit \u00e0 la d\u00e9finition d&rsquo;actions d&rsquo;am\u00e9lioration, un plan d&rsquo;actions est difini<\/td><\/tr><tr><td>5 &#8211; <strong>C<\/strong><br>Control \/ V\u00e9rifier<\/td><td>Les standards sont \u00e9tablis et la mesure permet de v\u00e9rifier que les variations sont ma\u00eetris\u00e9es.<\/td><\/tr><\/tbody><\/table><\/figure>\n\n\n\n<div class=\"wp-block-buttons aligncenter\">\n<div class=\"wp-block-button\"><a class=\"wp-block-button__link has-accent-background-color has-background\" href=\"https:\/\/qualite-serralta-conseil.fr\/index.php\/le-nouveau-e-mucem-ouvre-ses-portes-2\/\">Retour au menu<\/a><\/div>\n<\/div>\n","protected":false},"excerpt":{"rendered":"<p>La formation ici est plut\u00f4t g\u00e9n\u00e9raliste mais propose une d\u00e9marche standard pour r\u00e9duire les variations d&rsquo;un processus de production en particulier, mais la m\u00e9thode peut \u00eatre appliqu\u00e9e aussi \u00e0 des processus de services. La d\u00e9marche est appel\u00e9e DMAIC. Etapes Actions 1- DDefine \/ D\u00e9finir D\u00e9finir de la fa\u00e7on la plus [&hellip;]<\/p>\n","protected":false},"author":1,"featured_media":0,"parent":0,"menu_order":0,"comment_status":"closed","ping_status":"closed","template":"","meta":[],"_links":{"self":[{"href":"https:\/\/qualite-serralta-conseil.fr\/index.php\/wp-json\/wp\/v2\/pages\/245"}],"collection":[{"href":"https:\/\/qualite-serralta-conseil.fr\/index.php\/wp-json\/wp\/v2\/pages"}],"about":[{"href":"https:\/\/qualite-serralta-conseil.fr\/index.php\/wp-json\/wp\/v2\/types\/page"}],"author":[{"embeddable":true,"href":"https:\/\/qualite-serralta-conseil.fr\/index.php\/wp-json\/wp\/v2\/users\/1"}],"replies":[{"embeddable":true,"href":"https:\/\/qualite-serralta-conseil.fr\/index.php\/wp-json\/wp\/v2\/comments?post=245"}],"version-history":[{"count":3,"href":"https:\/\/qualite-serralta-conseil.fr\/index.php\/wp-json\/wp\/v2\/pages\/245\/revisions"}],"predecessor-version":[{"id":427,"href":"https:\/\/qualite-serralta-conseil.fr\/index.php\/wp-json\/wp\/v2\/pages\/245\/revisions\/427"}],"wp:attachment":[{"href":"https:\/\/qualite-serralta-conseil.fr\/index.php\/wp-json\/wp\/v2\/media?parent=245"}],"curies":[{"name":"wp","href":"https:\/\/api.w.org\/{rel}","templated":true}]}}