{"id":7,"date":"2022-01-18T08:57:16","date_gmt":"2022-01-18T07:57:16","guid":{"rendered":"http:\/\/qualite-serralta-conseil.fr\/?page_id=7"},"modified":"2022-01-26T11:11:08","modified_gmt":"2022-01-26T10:11:08","slug":"le-nouveau-e-mucem-ouvre-ses-portes-2","status":"publish","type":"page","link":"https:\/\/qualite-serralta-conseil.fr\/index.php\/le-nouveau-e-mucem-ouvre-ses-portes-2\/","title":{"rendered":"Formations"},"content":{"rendered":"\n<div class=\"wp-block-group alignwide\"><div class=\"wp-block-group__inner-container\">\n<blockquote class=\"wp-block-quote\"><p>\u00ab\u00a0Transmettre, ce n&rsquo;est pas remplir un vase, c&rsquo;est allumer un feu\u00a0\u00bb<\/p><cite>Michel Eyquem de Montaigne<\/cite><\/blockquote>\n\n\n\n<h4 class=\"has-text-align-center\">Les formations dispens\u00e9es sont bas\u00e9es sur une approche concr\u00e8te en \u00e9troite relation avec vos probl\u00e9matiques et bien s\u00fbr, votre propre organisation.<\/h4>\n\n\n\n<p>5 formations sont propos\u00e9es, mais elles feront l&rsquo;objet d&rsquo;une adaptation \u00e0 votre entreprise. Il est en effet pertinent de ne pas rester sur une approche purement th\u00e9orique, mais, afin que vous en tiriez un b\u00e9n\u00e9fice rapide, de pouvoir d\u00e9montrer rapidement l&rsquo;efficacit\u00e9 de ces formations par des exemples sur le terrain.<\/p>\n\n\n\n<p><\/p>\n<\/div><\/div>\n\n\n\n<div class=\"wp-block-columns alignwide\">\n<div class=\"wp-block-column\">\n<div class=\"wp-block-group\"><div class=\"wp-block-group__inner-container\">\n<figure class=\"wp-block-image alignfull size-large\"><img loading=\"lazy\" width=\"1024\" height=\"768\" src=\"https:\/\/qualite-serralta-conseil.fr\/wp-content\/uploads\/2022\/01\/132734373_146702220345141_2647208185559244707_n-1-1024x768.jpg\" alt=\"\" class=\"wp-image-77\" srcset=\"https:\/\/qualite-serralta-conseil.fr\/wp-content\/uploads\/2022\/01\/132734373_146702220345141_2647208185559244707_n-1-1024x768.jpg 1024w, https:\/\/qualite-serralta-conseil.fr\/wp-content\/uploads\/2022\/01\/132734373_146702220345141_2647208185559244707_n-1-300x225.jpg 300w, https:\/\/qualite-serralta-conseil.fr\/wp-content\/uploads\/2022\/01\/132734373_146702220345141_2647208185559244707_n-1-768x576.jpg 768w, https:\/\/qualite-serralta-conseil.fr\/wp-content\/uploads\/2022\/01\/132734373_146702220345141_2647208185559244707_n-1.jpg 1080w\" sizes=\"(max-width: 1024px) 100vw, 1024px\" \/><\/figure>\n\n\n\n<h3 class=\"has-text-align-center\">5 S<\/h3>\n\n\n\n<div class=\"wp-block-button aligncenter is-style-outline\"><a class=\"wp-block-button__link has-white-color has-accent-background-color has-text-color has-background\" href=\"http:\/\/qualite-serralta-conseil.fr\/index.php\/5s\/\" style=\"border-radius:12px\">Lire la suite<\/a><\/div>\n<\/div><\/div>\n\n\n\n<div class=\"wp-block-group\"><div class=\"wp-block-group__inner-container\">\n<figure class=\"wp-block-image alignfull size-large\"><img loading=\"lazy\" width=\"1024\" height=\"776\" src=\"https:\/\/qualite-serralta-conseil.fr\/wp-content\/uploads\/2022\/01\/137521016_125948792619131_7058296236692686908_n-1024x776.jpg\" alt=\"\" class=\"wp-image-79\" srcset=\"https:\/\/qualite-serralta-conseil.fr\/wp-content\/uploads\/2022\/01\/137521016_125948792619131_7058296236692686908_n-1024x776.jpg 1024w, https:\/\/qualite-serralta-conseil.fr\/wp-content\/uploads\/2022\/01\/137521016_125948792619131_7058296236692686908_n-300x227.jpg 300w, https:\/\/qualite-serralta-conseil.fr\/wp-content\/uploads\/2022\/01\/137521016_125948792619131_7058296236692686908_n-768x582.jpg 768w, https:\/\/qualite-serralta-conseil.fr\/wp-content\/uploads\/2022\/01\/137521016_125948792619131_7058296236692686908_n.jpg 1080w\" sizes=\"(max-width: 1024px) 100vw, 1024px\" \/><\/figure>\n\n\n\n<h3 class=\"has-text-align-center\">R\u00e9solution de probl\u00e8mes<\/h3>\n\n\n\n<div class=\"wp-block-button aligncenter is-style-outline\"><a class=\"wp-block-button__link has-white-color has-accent-background-color has-text-color has-background\" href=\"http:\/\/qualite-serralta-conseil.fr\/index.php\/resolution-de-problemes\/\" style=\"border-radius:12px\">Lire la suite<\/a><\/div>\n\n\n\n<figure class=\"wp-block-image size-large\"><img loading=\"lazy\" width=\"1024\" height=\"768\" src=\"https:\/\/qualite-serralta-conseil.fr\/wp-content\/uploads\/2022\/01\/271954597_472071481038444_6464942058966620129_n-1024x768.jpg\" alt=\"\" class=\"wp-image-75\" srcset=\"https:\/\/qualite-serralta-conseil.fr\/wp-content\/uploads\/2022\/01\/271954597_472071481038444_6464942058966620129_n-1024x768.jpg 1024w, https:\/\/qualite-serralta-conseil.fr\/wp-content\/uploads\/2022\/01\/271954597_472071481038444_6464942058966620129_n-300x225.jpg 300w, https:\/\/qualite-serralta-conseil.fr\/wp-content\/uploads\/2022\/01\/271954597_472071481038444_6464942058966620129_n-768x576.jpg 768w, https:\/\/qualite-serralta-conseil.fr\/wp-content\/uploads\/2022\/01\/271954597_472071481038444_6464942058966620129_n.jpg 1080w\" sizes=\"(max-width: 1024px) 100vw, 1024px\" \/><\/figure>\n\n\n\n<h3 class=\"has-text-align-center\">Syst\u00e8me de management<\/h3>\n\n\n\n<div class=\"wp-block-buttons aligncenter\">\n<div class=\"wp-block-button is-style-outline\"><a class=\"wp-block-button__link has-white-color has-accent-background-color has-text-color has-background\" href=\"http:\/\/qualite-serralta-conseil.fr\/index.php\/systeme-de-management\/\" style=\"border-radius:12px\">Lire la suite<\/a><\/div>\n<\/div>\n\n\n\n<p><\/p>\n<\/div><\/div>\n<\/div>\n\n\n\n<div class=\"wp-block-column\">\n<div class=\"wp-block-group\"><div class=\"wp-block-group__inner-container\">\n<figure class=\"wp-block-image alignfull size-large\"><img loading=\"lazy\" width=\"1024\" height=\"768\" src=\"https:\/\/qualite-serralta-conseil.fr\/wp-content\/uploads\/2022\/01\/269742886_1320174615094242_1494830448244936306_n-1024x768.jpg\" alt=\"\" class=\"wp-image-78\" srcset=\"https:\/\/qualite-serralta-conseil.fr\/wp-content\/uploads\/2022\/01\/269742886_1320174615094242_1494830448244936306_n-1024x768.jpg 1024w, https:\/\/qualite-serralta-conseil.fr\/wp-content\/uploads\/2022\/01\/269742886_1320174615094242_1494830448244936306_n-300x225.jpg 300w, https:\/\/qualite-serralta-conseil.fr\/wp-content\/uploads\/2022\/01\/269742886_1320174615094242_1494830448244936306_n-768x576.jpg 768w, https:\/\/qualite-serralta-conseil.fr\/wp-content\/uploads\/2022\/01\/269742886_1320174615094242_1494830448244936306_n.jpg 1080w\" sizes=\"(max-width: 1024px) 100vw, 1024px\" \/><\/figure>\n\n\n\n<h3 class=\"has-text-align-center\">AMDEC<\/h3>\n\n\n\n<div class=\"wp-block-button aligncenter is-style-outline\"><a class=\"wp-block-button__link has-white-color has-accent-background-color has-text-color has-background\" href=\"http:\/\/qualite-serralta-conseil.fr\/index.php\/amdec\/\" style=\"border-radius:12px\">Lire la suite<\/a><\/div>\n<\/div><\/div>\n\n\n\n<div class=\"wp-block-group\"><div class=\"wp-block-group__inner-container\">\n<figure class=\"wp-block-image alignfull size-large\"><img loading=\"lazy\" width=\"1080\" height=\"811\" src=\"https:\/\/qualite-serralta-conseil.fr\/wp-content\/uploads\/2022\/01\/139338517_4871844836222024_6716478567560757180_n-edited-1.jpg\" alt=\"\" class=\"wp-image-84\" srcset=\"https:\/\/qualite-serralta-conseil.fr\/wp-content\/uploads\/2022\/01\/139338517_4871844836222024_6716478567560757180_n-edited-1.jpg 1080w, https:\/\/qualite-serralta-conseil.fr\/wp-content\/uploads\/2022\/01\/139338517_4871844836222024_6716478567560757180_n-edited-1-300x225.jpg 300w, https:\/\/qualite-serralta-conseil.fr\/wp-content\/uploads\/2022\/01\/139338517_4871844836222024_6716478567560757180_n-edited-1-1024x769.jpg 1024w, https:\/\/qualite-serralta-conseil.fr\/wp-content\/uploads\/2022\/01\/139338517_4871844836222024_6716478567560757180_n-edited-1-768x577.jpg 768w\" sizes=\"(max-width: 1080px) 100vw, 1080px\" \/><\/figure>\n\n\n\n<h3 class=\"has-text-align-center\">6 Sigma<\/h3>\n\n\n\n<div class=\"wp-block-button aligncenter is-style-outline\"><a class=\"wp-block-button__link has-white-color has-accent-background-color has-text-color has-background\" href=\"http:\/\/qualite-serralta-conseil.fr\/index.php\/resolution-de-problemes\/\" style=\"border-radius:12px\">Lire la suite<\/a><\/div>\n<\/div><\/div>\n\n\n\n<p><\/p>\n<\/div>\n<\/div>\n\n\n\n<div class=\"wp-block-group alignwide\"><div class=\"wp-block-group__inner-container\"><\/div><\/div>\n\n\n\n<p><\/p>\n","protected":false},"excerpt":{"rendered":"","protected":false},"author":1,"featured_media":90,"parent":0,"menu_order":0,"comment_status":"closed","ping_status":"closed","template":"","meta":[],"_links":{"self":[{"href":"https:\/\/qualite-serralta-conseil.fr\/index.php\/wp-json\/wp\/v2\/pages\/7"}],"collection":[{"href":"https:\/\/qualite-serralta-conseil.fr\/index.php\/wp-json\/wp\/v2\/pages"}],"about":[{"href":"https:\/\/qualite-serralta-conseil.fr\/index.php\/wp-json\/wp\/v2\/types\/page"}],"author":[{"embeddable":true,"href":"https:\/\/qualite-serralta-conseil.fr\/index.php\/wp-json\/wp\/v2\/users\/1"}],"replies":[{"embeddable":true,"href":"https:\/\/qualite-serralta-conseil.fr\/index.php\/wp-json\/wp\/v2\/comments?post=7"}],"version-history":[{"count":16,"href":"https:\/\/qualite-serralta-conseil.fr\/index.php\/wp-json\/wp\/v2\/pages\/7\/revisions"}],"predecessor-version":[{"id":321,"href":"https:\/\/qualite-serralta-conseil.fr\/index.php\/wp-json\/wp\/v2\/pages\/7\/revisions\/321"}],"wp:featuredmedia":[{"embeddable":true,"href":"https:\/\/qualite-serralta-conseil.fr\/index.php\/wp-json\/wp\/v2\/media\/90"}],"wp:attachment":[{"href":"https:\/\/qualite-serralta-conseil.fr\/index.php\/wp-json\/wp\/v2\/media?parent=7"}],"curies":[{"name":"wp","href":"https:\/\/api.w.org\/{rel}","templated":true}]}}