{"id":95,"date":"2022-01-20T09:16:44","date_gmt":"2022-01-20T08:16:44","guid":{"rendered":"http:\/\/qualite-serralta-conseil.fr\/?page_id=95"},"modified":"2022-05-11T17:58:40","modified_gmt":"2022-05-11T15:58:40","slug":"services","status":"publish","type":"page","link":"https:\/\/qualite-serralta-conseil.fr\/index.php\/services\/","title":{"rendered":"Services"},"content":{"rendered":"\n<blockquote class=\"wp-block-quote\"><p>\u00ab\u00a0Le fondement de la th\u00e9orie, c&rsquo;est la pratique\u00a0\u00bb<\/p><cite>Mao Ts\u00e9 Toung<\/cite><\/blockquote>\n\n\n\n<p>Maloan Conseil propose les services suivants aux entreprises d\u00e9sireuses de mettre en place un syst\u00e8me de management, ce, par un accompagnement terrain ou un coaching de la fonction Qualit\u00e9. Egalement il est propos\u00e9 de renforcer les comp\u00e9tences en mati\u00e8re de traitement de probl\u00e8mes, ou bien d&rsquo;apporter un \u0153il nouveau sur une probl\u00e9matique propre \u00e0 l&rsquo;entreprise. enfin JMS Conseil &amp; Support peut se substituer \u00e0 vos \u00e9quipes et r\u00e9aliser les audits internes processus de production ou bien chez vos fournisseurs.<\/p>\n\n\n\n<div class=\"wp-block-columns\">\n<div class=\"wp-block-column\">\n<figure class=\"wp-block-image size-large\"><img loading=\"lazy\" width=\"1080\" height=\"673\" src=\"https:\/\/qualite-serralta-conseil.fr\/wp-content\/uploads\/2022\/01\/132734373_146702220345141_2647208185559244707_n-3-edited.jpg\" alt=\"\" class=\"wp-image-273\" srcset=\"https:\/\/qualite-serralta-conseil.fr\/wp-content\/uploads\/2022\/01\/132734373_146702220345141_2647208185559244707_n-3-edited.jpg 1080w, https:\/\/qualite-serralta-conseil.fr\/wp-content\/uploads\/2022\/01\/132734373_146702220345141_2647208185559244707_n-3-edited-300x187.jpg 300w, https:\/\/qualite-serralta-conseil.fr\/wp-content\/uploads\/2022\/01\/132734373_146702220345141_2647208185559244707_n-3-edited-1024x638.jpg 1024w, https:\/\/qualite-serralta-conseil.fr\/wp-content\/uploads\/2022\/01\/132734373_146702220345141_2647208185559244707_n-3-edited-768x479.jpg 768w\" sizes=\"(max-width: 1080px) 100vw, 1080px\" \/><\/figure>\n\n\n\n<h3 class=\"has-text-align-center\">Conseil<\/h3>\n\n\n\n<div class=\"wp-block-buttons aligncenter\">\n<div class=\"wp-block-button is-style-fill\"><a class=\"wp-block-button__link has-white-color has-accent-background-color has-text-color has-background\" href=\"http:\/\/qualite-serralta-conseil.fr\/index.php\/conseil\/\" style=\"border-radius:12px\">Lire la suite<\/a><\/div>\n<\/div>\n\n\n\n<div class=\"wp-block-image\"><figure class=\"aligncenter size-large is-resized\"><img loading=\"lazy\" src=\"https:\/\/qualite-serralta-conseil.fr\/wp-content\/uploads\/2022\/01\/137521016_125948792619131_7058296236692686908_n-3-edited.jpg\" alt=\"\" class=\"wp-image-271\" width=\"274\" height=\"171.25\" srcset=\"https:\/\/qualite-serralta-conseil.fr\/wp-content\/uploads\/2022\/01\/137521016_125948792619131_7058296236692686908_n-3-edited.jpg 1080w, https:\/\/qualite-serralta-conseil.fr\/wp-content\/uploads\/2022\/01\/137521016_125948792619131_7058296236692686908_n-3-edited-300x188.jpg 300w, https:\/\/qualite-serralta-conseil.fr\/wp-content\/uploads\/2022\/01\/137521016_125948792619131_7058296236692686908_n-3-edited-1024x642.jpg 1024w, https:\/\/qualite-serralta-conseil.fr\/wp-content\/uploads\/2022\/01\/137521016_125948792619131_7058296236692686908_n-3-edited-768x481.jpg 768w\" sizes=\"(max-width: 1080px) 100vw, 1080px\" \/><\/figure><\/div>\n\n\n\n<h3 class=\"has-text-align-center\">Audits<\/h3>\n\n\n\n<div class=\"wp-block-buttons aligncenter\">\n<div class=\"wp-block-button is-style-outline\"><a class=\"wp-block-button__link has-white-color has-accent-background-color has-text-color has-background\" href=\"http:\/\/qualite-serralta-conseil.fr\/index.php\/audits\/\" style=\"border-radius:12px\">Lire la suite<\/a><\/div>\n<\/div>\n<\/div>\n\n\n\n<div class=\"wp-block-column\">\n<figure class=\"wp-block-image size-large\"><img loading=\"lazy\" width=\"1080\" height=\"673\" src=\"https:\/\/qualite-serralta-conseil.fr\/wp-content\/uploads\/2022\/01\/269742886_1320174615094242_1494830448244936306_n-1-edited.jpg\" alt=\"\" class=\"wp-image-274\" srcset=\"https:\/\/qualite-serralta-conseil.fr\/wp-content\/uploads\/2022\/01\/269742886_1320174615094242_1494830448244936306_n-1-edited.jpg 1080w, https:\/\/qualite-serralta-conseil.fr\/wp-content\/uploads\/2022\/01\/269742886_1320174615094242_1494830448244936306_n-1-edited-300x187.jpg 300w, https:\/\/qualite-serralta-conseil.fr\/wp-content\/uploads\/2022\/01\/269742886_1320174615094242_1494830448244936306_n-1-edited-1024x638.jpg 1024w, https:\/\/qualite-serralta-conseil.fr\/wp-content\/uploads\/2022\/01\/269742886_1320174615094242_1494830448244936306_n-1-edited-768x479.jpg 768w\" sizes=\"(max-width: 1080px) 100vw, 1080px\" \/><\/figure>\n\n\n\n<h3 class=\"has-text-align-center\">Coaching<\/h3>\n\n\n\n<div class=\"wp-block-buttons aligncenter\">\n<div class=\"wp-block-button is-style-outline\"><a class=\"wp-block-button__link has-white-color has-accent-background-color has-text-color has-background\" href=\"http:\/\/qualite-serralta-conseil.fr\/index.php\/coaching\/\" style=\"border-radius:12px\">Lire la suite<\/a><\/div>\n<\/div>\n\n\n\n<div class=\"wp-block-image\"><figure class=\"aligncenter size-large is-resized\"><img loading=\"lazy\" src=\"https:\/\/qualite-serralta-conseil.fr\/wp-content\/uploads\/2022\/01\/139338517_4871844836222024_6716478567560757180_n-edited-2.jpg\" alt=\"\" class=\"wp-image-270\" width=\"274\" height=\"171.25\" srcset=\"https:\/\/qualite-serralta-conseil.fr\/wp-content\/uploads\/2022\/01\/139338517_4871844836222024_6716478567560757180_n-edited-2.jpg 1080w, https:\/\/qualite-serralta-conseil.fr\/wp-content\/uploads\/2022\/01\/139338517_4871844836222024_6716478567560757180_n-edited-2-300x188.jpg 300w, https:\/\/qualite-serralta-conseil.fr\/wp-content\/uploads\/2022\/01\/139338517_4871844836222024_6716478567560757180_n-edited-2-1024x641.jpg 1024w, https:\/\/qualite-serralta-conseil.fr\/wp-content\/uploads\/2022\/01\/139338517_4871844836222024_6716478567560757180_n-edited-2-768x481.jpg 768w\" sizes=\"(max-width: 1080px) 100vw, 1080px\" \/><\/figure><\/div>\n\n\n\n<h3 class=\"has-text-align-center\">Autres prestations<\/h3>\n\n\n\n<div class=\"wp-block-buttons aligncenter\">\n<div class=\"wp-block-button is-style-outline\"><a class=\"wp-block-button__link has-white-color has-accent-background-color has-text-color has-background\" href=\"http:\/\/qualite-serralta-conseil.fr\/index.php\/autres-prestations\/\" style=\"border-radius:12px\">Lire la suite<\/a><\/div>\n<\/div>\n<\/div>\n<\/div>\n","protected":false},"excerpt":{"rendered":"<p>\u00ab\u00a0Le fondement de la th\u00e9orie, c&rsquo;est la pratique\u00a0\u00bb Mao Ts\u00e9 Toung Maloan Conseil propose les services suivants aux entreprises d\u00e9sireuses de mettre en place un syst\u00e8me de management, ce, par un accompagnement terrain ou un coaching de la fonction Qualit\u00e9. Egalement il est propos\u00e9 de renforcer les comp\u00e9tences en mati\u00e8re [&hellip;]<\/p>\n","protected":false},"author":1,"featured_media":0,"parent":0,"menu_order":0,"comment_status":"closed","ping_status":"closed","template":"","meta":[],"_links":{"self":[{"href":"https:\/\/qualite-serralta-conseil.fr\/index.php\/wp-json\/wp\/v2\/pages\/95"}],"collection":[{"href":"https:\/\/qualite-serralta-conseil.fr\/index.php\/wp-json\/wp\/v2\/pages"}],"about":[{"href":"https:\/\/qualite-serralta-conseil.fr\/index.php\/wp-json\/wp\/v2\/types\/page"}],"author":[{"embeddable":true,"href":"https:\/\/qualite-serralta-conseil.fr\/index.php\/wp-json\/wp\/v2\/users\/1"}],"replies":[{"embeddable":true,"href":"https:\/\/qualite-serralta-conseil.fr\/index.php\/wp-json\/wp\/v2\/comments?post=95"}],"version-history":[{"count":10,"href":"https:\/\/qualite-serralta-conseil.fr\/index.php\/wp-json\/wp\/v2\/pages\/95\/revisions"}],"predecessor-version":[{"id":456,"href":"https:\/\/qualite-serralta-conseil.fr\/index.php\/wp-json\/wp\/v2\/pages\/95\/revisions\/456"}],"wp:attachment":[{"href":"https:\/\/qualite-serralta-conseil.fr\/index.php\/wp-json\/wp\/v2\/media?parent=95"}],"curies":[{"name":"wp","href":"https:\/\/api.w.org\/{rel}","templated":true}]}}