{"id":99,"date":"2022-01-20T09:17:14","date_gmt":"2022-01-20T08:17:14","guid":{"rendered":"http:\/\/qualite-serralta-conseil.fr\/?page_id=99"},"modified":"2022-05-11T17:50:04","modified_gmt":"2022-05-11T15:50:04","slug":"conseil","status":"publish","type":"page","link":"https:\/\/qualite-serralta-conseil.fr\/index.php\/conseil\/","title":{"rendered":"Conseil"},"content":{"rendered":"\n<p>Maloan conseil  vous propose de vous accompagner dans la mise en place d&rsquo;un syst\u00e8me de management de la qualit\u00e9 qui pourra r\u00e9pondre aux exigences des normes bas\u00e9es sur une approche processus.<\/p>\n\n\n\n<p>La m\u00e9thode de travail:<\/p>\n\n\n\n<ol><li>Une visite pr\u00e9alable pour bien cerner votre besoin qui permettra de  valider l&rsquo;approche ci-dessous ou bien \u00ab\u00a0customiser\u00a0\u00bb l&rsquo;offre de prestation<\/li><li>Un audit initial de l&rsquo;entreprise<\/li><li>De cet audit seront tir\u00e9s: <ol><li>Une proposition d&rsquo;organisation en processus<\/li><li>Un plan d&rsquo;actions pour la cr\u00e9ation du syst\u00e8me de management<\/li><li>Un ou plusieurs audits de suivi.<\/li><\/ol><\/li><li>Une aide \u00e0 la r\u00e9daction des documents du syst\u00e8me de management peut \u00eatre aussi envisag\u00e9e (proc\u00e9dures et instructions)<\/li><\/ol>\n\n\n\n<div class=\"wp-block-buttons aligncenter\">\n<div class=\"wp-block-button\"><a class=\"wp-block-button__link has-accent-background-color has-background\" href=\"https:\/\/qualite-serralta-conseil.fr\/index.php\/services\/\">Retour au menu<\/a><\/div>\n<\/div>\n","protected":false},"excerpt":{"rendered":"<p>Maloan conseil vous propose de vous accompagner dans la mise en place d&rsquo;un syst\u00e8me de management de la qualit\u00e9 qui pourra r\u00e9pondre aux exigences des normes bas\u00e9es sur une approche processus. La m\u00e9thode de travail: Une visite pr\u00e9alable pour bien cerner votre besoin qui permettra de valider l&rsquo;approche ci-dessous ou [&hellip;]<\/p>\n","protected":false},"author":1,"featured_media":0,"parent":0,"menu_order":0,"comment_status":"closed","ping_status":"closed","template":"","meta":[],"_links":{"self":[{"href":"https:\/\/qualite-serralta-conseil.fr\/index.php\/wp-json\/wp\/v2\/pages\/99"}],"collection":[{"href":"https:\/\/qualite-serralta-conseil.fr\/index.php\/wp-json\/wp\/v2\/pages"}],"about":[{"href":"https:\/\/qualite-serralta-conseil.fr\/index.php\/wp-json\/wp\/v2\/types\/page"}],"author":[{"embeddable":true,"href":"https:\/\/qualite-serralta-conseil.fr\/index.php\/wp-json\/wp\/v2\/users\/1"}],"replies":[{"embeddable":true,"href":"https:\/\/qualite-serralta-conseil.fr\/index.php\/wp-json\/wp\/v2\/comments?post=99"}],"version-history":[{"count":4,"href":"https:\/\/qualite-serralta-conseil.fr\/index.php\/wp-json\/wp\/v2\/pages\/99\/revisions"}],"predecessor-version":[{"id":453,"href":"https:\/\/qualite-serralta-conseil.fr\/index.php\/wp-json\/wp\/v2\/pages\/99\/revisions\/453"}],"wp:attachment":[{"href":"https:\/\/qualite-serralta-conseil.fr\/index.php\/wp-json\/wp\/v2\/media?parent=99"}],"curies":[{"name":"wp","href":"https:\/\/api.w.org\/{rel}","templated":true}]}}